{"id":5982,"date":"2023-09-11T13:45:38","date_gmt":"2023-09-11T11:45:38","guid":{"rendered":"https:\/\/www.agraritaeten-shop.com\/?post_type=product&#038;p=5982"},"modified":"2023-07-30T13:49:15","modified_gmt":"2023-07-30T11:49:15","slug":"lemken-prospekt-bodenbearbeitungsgeraete","status":"publish","type":"product","link":"https:\/\/www.agraritaeten-shop.com\/en\/shop\/prospekte\/sonstige-prospekte\/lemken-prospekt-bodenbearbeitungsgeraete\/","title":{"rendered":"LEMKEN Prospekt Bodenbearbeitungsger\u00e4te"},"content":{"rendered":"<h1><strong>original brochure<br \/>\n<\/strong><\/h1>\n<h2>LEMKEN<br \/>\nBodenbearbeitungsger\u00e4te<\/h2>\n<ul>\n<li>A4 landscape format<\/li>\n<li>4 pages<\/li>\n<li>German, English, French, Dutch<\/li>\n<li>punched<\/li>\n<li>used<\/li>\n<li>very good condition<\/li>\n<li>100% original<\/li>\n<\/ul>","protected":false},"excerpt":{"rendered":"<p>original Prospekt LEMKEN Bodenbearbeitungsger\u00e4te A4 Querformat 4 Seiten Deutsch, Englisch, Franz\u00f6sisch, Niederl\u00e4ndisch gelocht gebraucht sehr guter Zustand 100% original<\/p>","protected":false},"featured_media":5926,"template":"","meta":[],"product_brand":[],"product_cat":[45,123,132],"product_tag":[715,322,186],"class_list":{"0":"post-5982","1":"product","2":"type-product","3":"status-publish","4":"has-post-thumbnail","6":"product_cat-prospekte","7":"product_cat-sonstige","8":"product_cat-sonstige-prospekte","9":"product_tag-bodenbearbeitungsgeraete","10":"product_tag-lemken","11":"product_tag-prospekt","13":"first","14":"instock","15":"shipping-taxable","16":"purchasable","17":"product-type-simple"},"_links":{"self":[{"href":"https:\/\/www.agraritaeten-shop.com\/en\/wp-json\/wp\/v2\/product\/5982","targetHints":{"allow":["GET"]}}],"collection":[{"href":"https:\/\/www.agraritaeten-shop.com\/en\/wp-json\/wp\/v2\/product"}],"about":[{"href":"https:\/\/www.agraritaeten-shop.com\/en\/wp-json\/wp\/v2\/types\/product"}],"wp:featuredmedia":[{"embeddable":true,"href":"https:\/\/www.agraritaeten-shop.com\/en\/wp-json\/wp\/v2\/media\/5926"}],"wp:attachment":[{"href":"https:\/\/www.agraritaeten-shop.com\/en\/wp-json\/wp\/v2\/media?parent=5982"}],"wp:term":[{"taxonomy":"product_brand","embeddable":true,"href":"https:\/\/www.agraritaeten-shop.com\/en\/wp-json\/wp\/v2\/product_brand?post=5982"},{"taxonomy":"product_cat","embeddable":true,"href":"https:\/\/www.agraritaeten-shop.com\/en\/wp-json\/wp\/v2\/product_cat?post=5982"},{"taxonomy":"product_tag","embeddable":true,"href":"https:\/\/www.agraritaeten-shop.com\/en\/wp-json\/wp\/v2\/product_tag?post=5982"}],"curies":[{"name":"wp","href":"https:\/\/api.w.org\/{rel}","templated":true}]}}