{"id":5999,"date":"2023-09-15T23:10:45","date_gmt":"2023-09-15T21:10:45","guid":{"rendered":"https:\/\/www.agraritaeten-shop.com\/?post_type=product&#038;p=5999"},"modified":"2026-04-18T21:21:34","modified_gmt":"2026-04-18T19:21:34","slug":"massey-ferguson-prospekt-maehdrescher-mf510","status":"publish","type":"product","link":"https:\/\/www.agraritaeten-shop.com\/en\/shop\/prospekte\/prospekte_massey_ferguson_harris\/massey-ferguson-prospekt-maehdrescher-mf510\/","title":{"rendered":"MASSEY-FERGUSON Prospekt M\u00e4hdrescher MF510"},"content":{"rendered":"<h1><strong>original brochure<br \/>\n<\/strong><\/h1>\n<h2>MASSEY-FERGUSON M\u00e4hdrescher MF510<\/h2>\n<ul>\n<li>A4 landscape format<\/li>\n<li>fold-out to 6 times its original size<\/li>\n<li><strong>FRENCH<\/strong>!<\/li>\n<li>punched<\/li>\n<li>used<\/li>\n<li>good condition<\/li>\n<li>100% original<\/li>\n<li>Print No.: <em>MB 510 EP 889 (40 M) 68-11<\/em><\/li>\n<\/ul>","protected":false},"excerpt":{"rendered":"<p>original Prospekt MASSEY-FERGUSON M\u00e4hdrescher MF510 A4 Querformat ausklappbar zur 6fachen Gr\u00f6\u00dfe FRANZ\u00d6SISCH! gelocht gebraucht guter Zustand 100% original DruckNr. MB 510 EP 889 (40 M) 68-11<\/p>","protected":false},"featured_media":5927,"template":"","meta":[],"product_brand":[],"product_cat":[75,111,45],"product_tag":[189,193,186],"class_list":{"0":"post-5999","1":"product","2":"type-product","3":"status-publish","4":"has-post-thumbnail","6":"product_cat-massey-ferguson-harris","7":"product_cat-prospekte_massey_ferguson_harris","8":"product_cat-prospekte","9":"product_tag-maehdrescher","10":"product_tag-massey-ferguson","11":"product_tag-prospekt","13":"first","14":"instock","15":"shipping-taxable","16":"purchasable","17":"product-type-simple"},"_links":{"self":[{"href":"https:\/\/www.agraritaeten-shop.com\/en\/wp-json\/wp\/v2\/product\/5999","targetHints":{"allow":["GET"]}}],"collection":[{"href":"https:\/\/www.agraritaeten-shop.com\/en\/wp-json\/wp\/v2\/product"}],"about":[{"href":"https:\/\/www.agraritaeten-shop.com\/en\/wp-json\/wp\/v2\/types\/product"}],"wp:featuredmedia":[{"embeddable":true,"href":"https:\/\/www.agraritaeten-shop.com\/en\/wp-json\/wp\/v2\/media\/5927"}],"wp:attachment":[{"href":"https:\/\/www.agraritaeten-shop.com\/en\/wp-json\/wp\/v2\/media?parent=5999"}],"wp:term":[{"taxonomy":"product_brand","embeddable":true,"href":"https:\/\/www.agraritaeten-shop.com\/en\/wp-json\/wp\/v2\/product_brand?post=5999"},{"taxonomy":"product_cat","embeddable":true,"href":"https:\/\/www.agraritaeten-shop.com\/en\/wp-json\/wp\/v2\/product_cat?post=5999"},{"taxonomy":"product_tag","embeddable":true,"href":"https:\/\/www.agraritaeten-shop.com\/en\/wp-json\/wp\/v2\/product_tag?post=5999"}],"curies":[{"name":"wp","href":"https:\/\/api.w.org\/{rel}","templated":true}]}}