{"id":6154,"date":"2023-09-21T14:37:32","date_gmt":"2023-09-21T12:37:32","guid":{"rendered":"https:\/\/www.agraritaeten-shop.com\/?post_type=product&#038;p=6154"},"modified":"2026-01-20T10:14:05","modified_gmt":"2026-01-20T09:14:05","slug":"lemken-prospekt-geraete-programmuebersicht-2","status":"publish","type":"product","link":"https:\/\/www.agraritaeten-shop.com\/en\/shop\/prospekte\/sonstige-prospekte\/lemken-prospekt-geraete-programmuebersicht-2\/","title":{"rendered":"LEMKEN Prospekt Ger\u00e4te Programm\u00fcbersicht"},"content":{"rendered":"<h1><strong>original brochure<br \/>\n<\/strong><\/h1>\n<h2>LEMKEN Ger\u00e4te Programm\u00fcbersicht<br \/>\n<span style=\"font-size: 75%;\">Pfl\u00fcge, Eggen, Kr\u00fcmler<\/span><\/h2>\n<ul>\n<li>A4 format<\/li>\n<li>24 pages<\/li>\n<li>German<\/li>\n<li>punched<\/li>\n<li>used<\/li>\n<li>inside, two pages have slight tears along the edges<\/li>\n<li>otherwise good condition<\/li>\n<li>100% original<\/li>\n<\/ul>","protected":false},"excerpt":{"rendered":"<p>original Prospekt LEMKEN Ger\u00e4te Programm\u00fcbersicht Pfl\u00fcge, Eggen, Kr\u00fcmler A4 Format 24 Seiten Deutsch gelocht gebraucht im Innenteil sind 2 Seiten an den Kanten etwas eingerissen ansonsten guter Zustand 100% original<\/p>","protected":false},"featured_media":6031,"template":"","meta":[],"product_brand":[],"product_cat":[45,123,132],"product_tag":[744,323,322,369,186],"class_list":{"0":"post-6154","1":"product","2":"type-product","3":"status-publish","4":"has-post-thumbnail","6":"product_cat-prospekte","7":"product_cat-sonstige","8":"product_cat-sonstige-prospekte","9":"product_tag-eggen","10":"product_tag-geraete","11":"product_tag-lemken","12":"product_tag-pfluege","13":"product_tag-prospekt","15":"first","16":"outofstock","17":"shipping-taxable","18":"purchasable","19":"product-type-simple"},"_links":{"self":[{"href":"https:\/\/www.agraritaeten-shop.com\/en\/wp-json\/wp\/v2\/product\/6154","targetHints":{"allow":["GET"]}}],"collection":[{"href":"https:\/\/www.agraritaeten-shop.com\/en\/wp-json\/wp\/v2\/product"}],"about":[{"href":"https:\/\/www.agraritaeten-shop.com\/en\/wp-json\/wp\/v2\/types\/product"}],"wp:featuredmedia":[{"embeddable":true,"href":"https:\/\/www.agraritaeten-shop.com\/en\/wp-json\/wp\/v2\/media\/6031"}],"wp:attachment":[{"href":"https:\/\/www.agraritaeten-shop.com\/en\/wp-json\/wp\/v2\/media?parent=6154"}],"wp:term":[{"taxonomy":"product_brand","embeddable":true,"href":"https:\/\/www.agraritaeten-shop.com\/en\/wp-json\/wp\/v2\/product_brand?post=6154"},{"taxonomy":"product_cat","embeddable":true,"href":"https:\/\/www.agraritaeten-shop.com\/en\/wp-json\/wp\/v2\/product_cat?post=6154"},{"taxonomy":"product_tag","embeddable":true,"href":"https:\/\/www.agraritaeten-shop.com\/en\/wp-json\/wp\/v2\/product_tag?post=6154"}],"curies":[{"name":"wp","href":"https:\/\/api.w.org\/{rel}","templated":true}]}}