{"id":6253,"date":"2023-09-29T22:39:36","date_gmt":"2023-09-29T20:39:36","guid":{"rendered":"https:\/\/www.agraritaeten-shop.com\/?post_type=product&#038;p=6253"},"modified":"2026-05-03T03:12:22","modified_gmt":"2026-05-03T01:12:22","slug":"amazone-prospekt-landmaschinen","status":"publish","type":"product","link":"https:\/\/www.agraritaeten-shop.com\/en\/shop\/prospekte\/amazone-prospekte\/amazone-prospekt-landmaschinen\/","title":{"rendered":"AMAZONE Prospekt Landmaschinen"},"content":{"rendered":"<h1><strong>original brochure<br \/>\n<\/strong><\/h1>\n<h2>AMAZONE Prospekt Landmaschinen (inkl. Antwortkarte)<br \/>\n<span style=\"font-size: 75%;\">Drillmaschinen, Stalldungstreuer, Kartoffelsortierer, Streuer, F\u00f6rderb\u00e4nder, D\u00fcngerstreuer<\/span><\/h2>\n<ul>\n<li>A4 format<\/li>\n<li>Fold-out brochure with 6 pages<\/li>\n<li>German<\/li>\n<li>punched<\/li>\n<li>used<\/li>\n<li>good condition<\/li>\n<li>100% original<\/li>\n<\/ul>","protected":false},"excerpt":{"rendered":"<p>original Prospekt AMAZONE Prospekt Landmaschinen (inkl. Antwortkarte) Drillmaschinen, Stalldungstreuer, Kartoffelsortierer, Streuer, F\u00f6rderb\u00e4nder, D\u00fcngerstreuer A4 Format 6 Seiten ausklappbar Deutsch gelocht gebraucht guter Zustand 100% original<\/p>","protected":false},"featured_media":6185,"template":"","meta":[],"product_brand":[],"product_cat":[144,147,45],"product_tag":[771,551,186],"class_list":{"0":"post-6253","1":"product","2":"type-product","3":"status-publish","4":"has-post-thumbnail","6":"product_cat-amazone","7":"product_cat-amazone-prospekte","8":"product_cat-prospekte","9":"product_tag-amazone","10":"product_tag-landmaschinen","11":"product_tag-prospekt","13":"first","14":"instock","15":"shipping-taxable","16":"purchasable","17":"product-type-simple"},"_links":{"self":[{"href":"https:\/\/www.agraritaeten-shop.com\/en\/wp-json\/wp\/v2\/product\/6253","targetHints":{"allow":["GET"]}}],"collection":[{"href":"https:\/\/www.agraritaeten-shop.com\/en\/wp-json\/wp\/v2\/product"}],"about":[{"href":"https:\/\/www.agraritaeten-shop.com\/en\/wp-json\/wp\/v2\/types\/product"}],"wp:featuredmedia":[{"embeddable":true,"href":"https:\/\/www.agraritaeten-shop.com\/en\/wp-json\/wp\/v2\/media\/6185"}],"wp:attachment":[{"href":"https:\/\/www.agraritaeten-shop.com\/en\/wp-json\/wp\/v2\/media?parent=6253"}],"wp:term":[{"taxonomy":"product_brand","embeddable":true,"href":"https:\/\/www.agraritaeten-shop.com\/en\/wp-json\/wp\/v2\/product_brand?post=6253"},{"taxonomy":"product_cat","embeddable":true,"href":"https:\/\/www.agraritaeten-shop.com\/en\/wp-json\/wp\/v2\/product_cat?post=6253"},{"taxonomy":"product_tag","embeddable":true,"href":"https:\/\/www.agraritaeten-shop.com\/en\/wp-json\/wp\/v2\/product_tag?post=6253"}],"curies":[{"name":"wp","href":"https:\/\/api.w.org\/{rel}","templated":true}]}}