{"id":6464,"date":"2023-10-19T09:31:08","date_gmt":"2023-10-19T07:31:08","guid":{"rendered":"https:\/\/www.agraritaeten-shop.com\/?post_type=product&#038;p=6464"},"modified":"2026-04-18T08:23:04","modified_gmt":"2026-04-18T06:23:04","slug":"steyr-betriebsanleitung-traktor-30-2","status":"publish","type":"product","link":"https:\/\/www.agraritaeten-shop.com\/en\/shop\/betriebsanleitungen\/traktoren-betriebsanleitungen\/steyr-betriebsanleitung-traktor-30-2\/","title":{"rendered":"STEYR Betriebsanleitung Traktor 30"},"content":{"rendered":"<h1><strong>original User Manual - INCOMPLETE!<br \/>\n<\/strong><\/h1>\n<h2><strong>f\u00fcr STEYR Traktor 30<br \/>\n<\/strong><span style=\"font-size: 75%;\">4. <em>edition<\/em><\/span><\/h2>\n<ul>\n<li>A5 format<\/li>\n<li>originally probably 60 pages<\/li>\n<li>pages 3\u20134 and the last four pages are missing<\/li>\n<li>first sheet is loose<\/li>\n<li>German<\/li>\n<li>not punched<\/li>\n<li>used<\/li>\n<li><strong>incomplete!<\/strong><\/li>\n<li>the rest is in good condition<\/li>\n<li>100% original<\/li>\n<\/ul>","protected":false},"excerpt":{"rendered":"<p>original Betriebsanleitung &#8211; UNVOLLST\u00c4NDIG! f\u00fcr STEYR Traktor 30 4. Auflage A5 Format urspr\u00fcnglich vermutlich 60 Seiten es fehlen die Seiten 3\/4 und die letzten 4 Seiten 1. Blatt ist lose Deutsch nicht gelocht gebraucht unvollst\u00e4ndig! der restliche Teil ist gut erhalten 100% original<\/p>","protected":false},"featured_media":2367,"template":"","meta":[],"product_brand":[],"product_cat":[16,53,46],"product_tag":[251,306,188],"class_list":{"0":"post-6464","1":"product","2":"type-product","3":"status-publish","4":"has-post-thumbnail","6":"product_cat-betriebsanleitungen","7":"product_cat-steyr","8":"product_cat-traktoren-betriebsanleitungen","9":"product_tag-betriebsanleitung","10":"product_tag-steyr","11":"product_tag-traktor","13":"first","14":"instock","15":"shipping-taxable","16":"purchasable","17":"product-type-simple"},"_links":{"self":[{"href":"https:\/\/www.agraritaeten-shop.com\/en\/wp-json\/wp\/v2\/product\/6464","targetHints":{"allow":["GET"]}}],"collection":[{"href":"https:\/\/www.agraritaeten-shop.com\/en\/wp-json\/wp\/v2\/product"}],"about":[{"href":"https:\/\/www.agraritaeten-shop.com\/en\/wp-json\/wp\/v2\/types\/product"}],"wp:featuredmedia":[{"embeddable":true,"href":"https:\/\/www.agraritaeten-shop.com\/en\/wp-json\/wp\/v2\/media\/2367"}],"wp:attachment":[{"href":"https:\/\/www.agraritaeten-shop.com\/en\/wp-json\/wp\/v2\/media?parent=6464"}],"wp:term":[{"taxonomy":"product_brand","embeddable":true,"href":"https:\/\/www.agraritaeten-shop.com\/en\/wp-json\/wp\/v2\/product_brand?post=6464"},{"taxonomy":"product_cat","embeddable":true,"href":"https:\/\/www.agraritaeten-shop.com\/en\/wp-json\/wp\/v2\/product_cat?post=6464"},{"taxonomy":"product_tag","embeddable":true,"href":"https:\/\/www.agraritaeten-shop.com\/en\/wp-json\/wp\/v2\/product_tag?post=6464"}],"curies":[{"name":"wp","href":"https:\/\/api.w.org\/{rel}","templated":true}]}}