{"id":6650,"date":"2023-09-25T10:56:56","date_gmt":"2023-09-25T08:56:56","guid":{"rendered":"https:\/\/www.agraritaeten-shop.com\/?post_type=product&#038;p=6650"},"modified":"2024-12-14T09:20:09","modified_gmt":"2024-12-14T08:20:09","slug":"steyr-prospekt-plus-geraete-2","status":"publish","type":"product","link":"https:\/\/www.agraritaeten-shop.com\/en\/shop\/prospekte\/prospekt-steyr\/steyr-prospekt-plus-geraete-2\/","title":{"rendered":"STEYR Prospekt Plus-Ger\u00e4te"},"content":{"rendered":"<h1><strong>original brochure<\/strong><\/h1>\n<h1>STEYR-Plus-Ger\u00e4te<br \/>\n<span style=\"font-size: 75%;\">Frontlader, Schnee- u. Erdschieber, R\u00fcbengabel, Lasthaken, Erdschaufel, Mistgabel, Hubstaplergabel, M\u00e4hwerke<\/span><\/h1>\n<ul>\n<li>A4 format<\/li>\n<li>8 pages, fold-out<\/li>\n<li>German<\/li>\n<li>not punched<\/li>\n<li>used<\/li>\n<li>very good condition<\/li>\n<li>100% original<\/li>\n<\/ul>","protected":false},"excerpt":{"rendered":"<p>original Prospekt STEYR-Plus-Ger\u00e4te Frontlader, Schnee- u. Erdschieber, R\u00fcbengabel, Lasthaken, Erdschaufel, Mistgabel, Hubstaplergabel, M\u00e4hwerke A4 Format 8 Seiten ausklappbar Deutsch nicht gelocht gebraucht sehr guter Zustand 100% original<\/p>","protected":false},"featured_media":6620,"template":"","meta":[],"product_brand":[],"product_cat":[45,53,115],"product_tag":[323,711,186,306],"class_list":{"0":"post-6650","1":"product","2":"type-product","3":"status-publish","4":"has-post-thumbnail","6":"product_cat-prospekte","7":"product_cat-steyr","8":"product_cat-prospekt-steyr","9":"product_tag-geraete","10":"product_tag-plus-serie","11":"product_tag-prospekt","12":"product_tag-steyr","14":"first","15":"instock","16":"shipping-taxable","17":"purchasable","18":"product-type-simple"},"_links":{"self":[{"href":"https:\/\/www.agraritaeten-shop.com\/en\/wp-json\/wp\/v2\/product\/6650","targetHints":{"allow":["GET"]}}],"collection":[{"href":"https:\/\/www.agraritaeten-shop.com\/en\/wp-json\/wp\/v2\/product"}],"about":[{"href":"https:\/\/www.agraritaeten-shop.com\/en\/wp-json\/wp\/v2\/types\/product"}],"wp:featuredmedia":[{"embeddable":true,"href":"https:\/\/www.agraritaeten-shop.com\/en\/wp-json\/wp\/v2\/media\/6620"}],"wp:attachment":[{"href":"https:\/\/www.agraritaeten-shop.com\/en\/wp-json\/wp\/v2\/media?parent=6650"}],"wp:term":[{"taxonomy":"product_brand","embeddable":true,"href":"https:\/\/www.agraritaeten-shop.com\/en\/wp-json\/wp\/v2\/product_brand?post=6650"},{"taxonomy":"product_cat","embeddable":true,"href":"https:\/\/www.agraritaeten-shop.com\/en\/wp-json\/wp\/v2\/product_cat?post=6650"},{"taxonomy":"product_tag","embeddable":true,"href":"https:\/\/www.agraritaeten-shop.com\/en\/wp-json\/wp\/v2\/product_tag?post=6650"}],"curies":[{"name":"wp","href":"https:\/\/api.w.org\/{rel}","templated":true}]}}