{"id":6659,"date":"2024-05-27T09:55:11","date_gmt":"2024-05-27T07:55:11","guid":{"rendered":"https:\/\/www.agraritaeten-shop.com\/?post_type=product&#038;p=6659"},"modified":"2025-01-07T16:25:55","modified_gmt":"2025-01-07T15:25:55","slug":"neuero-prospekt-geraete-programm","status":"publish","type":"product","link":"https:\/\/www.agraritaeten-shop.com\/en\/shop\/prospekte\/sonstige-prospekte\/neuero-prospekt-geraete-programm\/","title":{"rendered":"NEUERO Prospekt Ger\u00e4te-Programm"},"content":{"rendered":"<h1><strong>original brochure<br \/>\n<\/strong><\/h1>\n<h2>NEUERO Landtechnik<br \/>\nGer\u00e4te-Programm<br \/>\n<span style=\"font-size: 75%;\">F\u00f6rderschnecken, Trogschnecken, Kettenelevator, Becherelevator, Trogketten-F\u00f6rderer, Durchlaufwaagen<\/span><\/h2>\n<ul>\n<li>A4 format<\/li>\n<li>Fold-out brochure with 6 pages<\/li>\n<li>German<\/li>\n<li>punched<\/li>\n<li>used<\/li>\n<li>very good condition<\/li>\n<li>100% original<\/li>\n<\/ul>","protected":false},"excerpt":{"rendered":"<p>original Prospekt NEUERO Landtechnik Ger\u00e4te-Programm F\u00f6rderschnecken, Trogschnecken, Kettenelevator, Becherelevator, Trogketten-F\u00f6rderer, Durchlaufwaagen A4 Format 6 Seiten ausklappbar Deutsch gelocht gebraucht sehr guter Zustand 100% original<\/p>","protected":false},"featured_media":6584,"template":"","meta":[],"product_brand":[],"product_cat":[45,123,132],"product_tag":[854,866,806,186],"class_list":{"0":"post-6659","1":"product","2":"type-product","3":"status-publish","4":"has-post-thumbnail","6":"product_cat-prospekte","7":"product_cat-sonstige","8":"product_cat-sonstige-prospekte","9":"product_tag-foerdertechnik","10":"product_tag-geraete-programm","11":"product_tag-neuero","12":"product_tag-prospekt","14":"first","15":"instock","16":"shipping-taxable","17":"purchasable","18":"product-type-simple"},"_links":{"self":[{"href":"https:\/\/www.agraritaeten-shop.com\/en\/wp-json\/wp\/v2\/product\/6659","targetHints":{"allow":["GET"]}}],"collection":[{"href":"https:\/\/www.agraritaeten-shop.com\/en\/wp-json\/wp\/v2\/product"}],"about":[{"href":"https:\/\/www.agraritaeten-shop.com\/en\/wp-json\/wp\/v2\/types\/product"}],"wp:featuredmedia":[{"embeddable":true,"href":"https:\/\/www.agraritaeten-shop.com\/en\/wp-json\/wp\/v2\/media\/6584"}],"wp:attachment":[{"href":"https:\/\/www.agraritaeten-shop.com\/en\/wp-json\/wp\/v2\/media?parent=6659"}],"wp:term":[{"taxonomy":"product_brand","embeddable":true,"href":"https:\/\/www.agraritaeten-shop.com\/en\/wp-json\/wp\/v2\/product_brand?post=6659"},{"taxonomy":"product_cat","embeddable":true,"href":"https:\/\/www.agraritaeten-shop.com\/en\/wp-json\/wp\/v2\/product_cat?post=6659"},{"taxonomy":"product_tag","embeddable":true,"href":"https:\/\/www.agraritaeten-shop.com\/en\/wp-json\/wp\/v2\/product_tag?post=6659"}],"curies":[{"name":"wp","href":"https:\/\/api.w.org\/{rel}","templated":true}]}}