{"id":6688,"date":"2023-09-10T11:10:46","date_gmt":"2023-09-10T09:10:46","guid":{"rendered":"https:\/\/www.agraritaeten-shop.com\/?post_type=product&#038;p=6688"},"modified":"2024-10-20T19:49:39","modified_gmt":"2024-10-20T17:49:39","slug":"massey-ferguson-prospekt-maehdrescher-890","status":"publish","type":"product","link":"https:\/\/www.agraritaeten-shop.com\/en\/shop\/prospekte\/prospekte_massey_ferguson_harris\/massey-ferguson-prospekt-maehdrescher-890\/","title":{"rendered":"MASSEY FERGUSON Prospekt M\u00e4hdrescher 890"},"content":{"rendered":"<h1><span style=\"font-size: 100%;\"><strong>original brochure<\/strong><\/span><\/h1>\n<h1>MASSEY FERGUSON M\u00e4hdrescher 890<\/h1>\n<ul>\n<li>A4 format<\/li>\n<li>8 pages, folds out lengthwise<\/li>\n<li><strong>FRENCH<\/strong>!<\/li>\n<li>punched<\/li>\n<li>used<\/li>\n<li>folded in the middle<\/li>\n<li>barely worn<\/li>\n<li>otherwise good condition<\/li>\n<li>100% original<\/li>\n<\/ul>","protected":false},"excerpt":{"rendered":"<p>original Prospekt MASSEY FERGUSON M\u00e4hdrescher 890 A4 Format 8 Seiten, der L\u00e4nge nach ausklappbar FRANZ\u00d6SISCH! gelocht gebraucht in der Mitte geknickt minimal abgegriffen ansonsten guter Zustand 100% original<\/p>","protected":false},"featured_media":6618,"template":"","meta":[],"product_brand":[],"product_cat":[111,75,45],"product_tag":[189,193,186],"class_list":{"0":"post-6688","1":"product","2":"type-product","3":"status-publish","4":"has-post-thumbnail","6":"product_cat-prospekte_massey_ferguson_harris","7":"product_cat-massey-ferguson-harris","8":"product_cat-prospekte","9":"product_tag-maehdrescher","10":"product_tag-massey-ferguson","11":"product_tag-prospekt","13":"first","14":"instock","15":"shipping-taxable","16":"purchasable","17":"product-type-simple"},"_links":{"self":[{"href":"https:\/\/www.agraritaeten-shop.com\/en\/wp-json\/wp\/v2\/product\/6688","targetHints":{"allow":["GET"]}}],"collection":[{"href":"https:\/\/www.agraritaeten-shop.com\/en\/wp-json\/wp\/v2\/product"}],"about":[{"href":"https:\/\/www.agraritaeten-shop.com\/en\/wp-json\/wp\/v2\/types\/product"}],"wp:featuredmedia":[{"embeddable":true,"href":"https:\/\/www.agraritaeten-shop.com\/en\/wp-json\/wp\/v2\/media\/6618"}],"wp:attachment":[{"href":"https:\/\/www.agraritaeten-shop.com\/en\/wp-json\/wp\/v2\/media?parent=6688"}],"wp:term":[{"taxonomy":"product_brand","embeddable":true,"href":"https:\/\/www.agraritaeten-shop.com\/en\/wp-json\/wp\/v2\/product_brand?post=6688"},{"taxonomy":"product_cat","embeddable":true,"href":"https:\/\/www.agraritaeten-shop.com\/en\/wp-json\/wp\/v2\/product_cat?post=6688"},{"taxonomy":"product_tag","embeddable":true,"href":"https:\/\/www.agraritaeten-shop.com\/en\/wp-json\/wp\/v2\/product_tag?post=6688"}],"curies":[{"name":"wp","href":"https:\/\/api.w.org\/{rel}","templated":true}]}}