{"id":7137,"date":"2023-11-24T21:41:16","date_gmt":"2023-11-24T20:41:16","guid":{"rendered":"https:\/\/www.agraritaeten-shop.com\/?post_type=product&#038;p=7137"},"modified":"2026-04-17T23:52:28","modified_gmt":"2026-04-17T21:52:28","slug":"bristol-prospekt-ueberkopflader","status":"publish","type":"product","link":"https:\/\/www.agraritaeten-shop.com\/en\/shop\/prospekte\/sonstige-prospekte\/bristol-prospekt-ueberkopflader\/","title":{"rendered":"BRISTOL Prospekt \u00dcberkopflader"},"content":{"rendered":"<h1><strong>original brochure<br \/>\n<\/strong><\/h1>\n<h2>BRISTOL \u00dcberkopflader<br \/>\n<span style=\"font-size: 75%;\">Orenstein-Koppel und L\u00fcbecker Maschinenbau AG<\/span><\/h2>\n<ul>\n<li>A4 format<\/li>\n<li>1 sheet + one half-size flap<\/li>\n<li>German<\/li>\n<li>punched<\/li>\n<li>used<\/li>\n<li>very good condition<\/li>\n<li>100% original<\/li>\n<li>Print No.: <em>OL-E37-XI-57<\/em><\/li>\n<\/ul>","protected":false},"excerpt":{"rendered":"<p>original Prospekt BRISTOL \u00dcberkopflader Orenstein-Koppel und L\u00fcbecker Maschinenbau AG A4 Format 1 Blatt + eine Lasche halbe Gr\u00f6\u00dfe Deutsch gelocht gebraucht sehr guter Zustand 100% original DruckNr. OL-E37-XI-57<\/p>","protected":false},"featured_media":6986,"template":"","meta":[],"product_brand":[],"product_cat":[45,123,132],"product_tag":[948,186,949],"class_list":{"0":"post-7137","1":"product","2":"type-product","3":"status-publish","4":"has-post-thumbnail","6":"product_cat-prospekte","7":"product_cat-sonstige","8":"product_cat-sonstige-prospekte","9":"product_tag-bristol","10":"product_tag-prospekt","11":"product_tag-ueberkopflader","13":"first","14":"instock","15":"shipping-taxable","16":"purchasable","17":"product-type-simple"},"_links":{"self":[{"href":"https:\/\/www.agraritaeten-shop.com\/en\/wp-json\/wp\/v2\/product\/7137","targetHints":{"allow":["GET"]}}],"collection":[{"href":"https:\/\/www.agraritaeten-shop.com\/en\/wp-json\/wp\/v2\/product"}],"about":[{"href":"https:\/\/www.agraritaeten-shop.com\/en\/wp-json\/wp\/v2\/types\/product"}],"wp:featuredmedia":[{"embeddable":true,"href":"https:\/\/www.agraritaeten-shop.com\/en\/wp-json\/wp\/v2\/media\/6986"}],"wp:attachment":[{"href":"https:\/\/www.agraritaeten-shop.com\/en\/wp-json\/wp\/v2\/media?parent=7137"}],"wp:term":[{"taxonomy":"product_brand","embeddable":true,"href":"https:\/\/www.agraritaeten-shop.com\/en\/wp-json\/wp\/v2\/product_brand?post=7137"},{"taxonomy":"product_cat","embeddable":true,"href":"https:\/\/www.agraritaeten-shop.com\/en\/wp-json\/wp\/v2\/product_cat?post=7137"},{"taxonomy":"product_tag","embeddable":true,"href":"https:\/\/www.agraritaeten-shop.com\/en\/wp-json\/wp\/v2\/product_tag?post=7137"}],"curies":[{"name":"wp","href":"https:\/\/api.w.org\/{rel}","templated":true}]}}