{"id":7313,"date":"2023-12-19T18:38:48","date_gmt":"2023-12-19T17:38:48","guid":{"rendered":"https:\/\/www.agraritaeten-shop.com\/?post_type=product&#038;p=7313"},"modified":"2026-04-17T23:39:39","modified_gmt":"2026-04-17T21:39:39","slug":"hammerschmied-prospekt-mulchgeraete","status":"publish","type":"product","link":"https:\/\/www.agraritaeten-shop.com\/en\/shop\/prospekte\/sonstige-prospekte\/hammerschmied-prospekt-mulchgeraete\/","title":{"rendered":"HAMMERSCHMIED Prospekt Mulchger\u00e4te"},"content":{"rendered":"<h1><strong>original brochure<br \/>\n<\/strong><\/h1>\n<h2>HAMMERSCHMIED Mulchger\u00e4te<\/h2>\n<ul>\n<li><em>approx.<\/em> 15cm x 31cm<\/li>\n<li>6 pages fold-out (1st page half size)<\/li>\n<li>German<\/li>\n<li>punched<\/li>\n<li>used<\/li>\n<li>very good condition<\/li>\n<li>100% original<\/li>\n<\/ul>","protected":false},"excerpt":{"rendered":"<p>original Prospekt HAMMERSCHMIED Mulchger\u00e4te ca. 15cm x 31cm 6 Seiten ausklappbar, (1. Seite halbe Gr\u00f6\u00dfe) Deutsch gelocht gebraucht sehr guter Zustand 100% original<\/p>","protected":false},"featured_media":7254,"template":"","meta":[],"product_brand":[],"product_cat":[45,123,132],"product_tag":[985,237,186],"class_list":{"0":"post-7313","1":"product","2":"type-product","3":"status-publish","4":"has-post-thumbnail","6":"product_cat-prospekte","7":"product_cat-sonstige","8":"product_cat-sonstige-prospekte","9":"product_tag-hammerschmied","10":"product_tag-mulchgeraete","11":"product_tag-prospekt","13":"first","14":"instock","15":"shipping-taxable","16":"purchasable","17":"product-type-simple"},"_links":{"self":[{"href":"https:\/\/www.agraritaeten-shop.com\/en\/wp-json\/wp\/v2\/product\/7313","targetHints":{"allow":["GET"]}}],"collection":[{"href":"https:\/\/www.agraritaeten-shop.com\/en\/wp-json\/wp\/v2\/product"}],"about":[{"href":"https:\/\/www.agraritaeten-shop.com\/en\/wp-json\/wp\/v2\/types\/product"}],"wp:featuredmedia":[{"embeddable":true,"href":"https:\/\/www.agraritaeten-shop.com\/en\/wp-json\/wp\/v2\/media\/7254"}],"wp:attachment":[{"href":"https:\/\/www.agraritaeten-shop.com\/en\/wp-json\/wp\/v2\/media?parent=7313"}],"wp:term":[{"taxonomy":"product_brand","embeddable":true,"href":"https:\/\/www.agraritaeten-shop.com\/en\/wp-json\/wp\/v2\/product_brand?post=7313"},{"taxonomy":"product_cat","embeddable":true,"href":"https:\/\/www.agraritaeten-shop.com\/en\/wp-json\/wp\/v2\/product_cat?post=7313"},{"taxonomy":"product_tag","embeddable":true,"href":"https:\/\/www.agraritaeten-shop.com\/en\/wp-json\/wp\/v2\/product_tag?post=7313"}],"curies":[{"name":"wp","href":"https:\/\/api.w.org\/{rel}","templated":true}]}}