{"id":7520,"date":"2023-10-21T09:04:00","date_gmt":"2023-10-21T07:04:00","guid":{"rendered":"https:\/\/www.agraritaeten-shop.com\/?post_type=product&#038;p=7520"},"modified":"2026-04-18T08:22:29","modified_gmt":"2026-04-18T06:22:29","slug":"rabe-prospekt-pfluege","status":"publish","type":"product","link":"https:\/\/www.agraritaeten-shop.com\/en\/shop\/sonstige\/rabe-prospekt-pfluege\/","title":{"rendered":"RABE Prospekt Pfl\u00fcge"},"content":{"rendered":"<h1><span style=\"font-size: 100%;\"><strong>original brochure<\/strong><\/span><\/h1>\n<h1>RABE Werk Pfl\u00fcge<br \/>\n<span style=\"font-size: 75%;\">Dreipunkt-Grenz-Beetpfl\u00fcge &#8222;Girlitz&#8220;<\/span><br \/>\n<span style=\"font-size: 75%;\">Dreipunkt-Zweischichten-Pfl\u00fcge &#8222;Strauss PKB&#8220;<\/span><\/h1>\n<ul>\n<li><span style=\"color: #000000;\">A4 format<\/span><\/li>\n<li>4 pages<\/li>\n<li><span style=\"color: #000000;\">German<\/span><\/li>\n<li><span style=\"color: #000000;\">punched<\/span><\/li>\n<li><span style=\"color: #000000;\">used<\/span><\/li>\n<li><span style=\"color: #000000;\">very good condition<\/span><\/li>\n<li><span style=\"color: #000000;\">100% original<\/span><\/li>\n<li>Print No.: <em>Nr. 54\u00f6<\/em><\/li>\n<\/ul>","protected":false},"excerpt":{"rendered":"<p>original Prospekt RABE Werk Pfl\u00fcge Dreipunkt-Grenz-Beetpfl\u00fcge &#8222;Girlitz&#8220; Dreipunkt-Zweischichten-Pfl\u00fcge &#8222;Strauss PKB&#8220; A4 Format 4 Seiten Deutsch gelocht gebraucht sehr guter Zustand 100% original DruckNr. Nr. 54\u00f6<\/p>","protected":false},"featured_media":7457,"template":"","meta":[],"product_brand":[],"product_cat":[123,45,132],"product_tag":[330,369,186,994,996],"class_list":{"0":"post-7520","1":"product","2":"type-product","3":"status-publish","4":"has-post-thumbnail","6":"product_cat-sonstige","7":"product_cat-prospekte","8":"product_cat-sonstige-prospekte","9":"product_tag-drehpfluege","10":"product_tag-pfluege","11":"product_tag-prospekt","12":"product_tag-rabe","13":"product_tag-rabe-werk","15":"first","16":"instock","17":"shipping-taxable","18":"purchasable","19":"product-type-simple"},"_links":{"self":[{"href":"https:\/\/www.agraritaeten-shop.com\/en\/wp-json\/wp\/v2\/product\/7520","targetHints":{"allow":["GET"]}}],"collection":[{"href":"https:\/\/www.agraritaeten-shop.com\/en\/wp-json\/wp\/v2\/product"}],"about":[{"href":"https:\/\/www.agraritaeten-shop.com\/en\/wp-json\/wp\/v2\/types\/product"}],"wp:featuredmedia":[{"embeddable":true,"href":"https:\/\/www.agraritaeten-shop.com\/en\/wp-json\/wp\/v2\/media\/7457"}],"wp:attachment":[{"href":"https:\/\/www.agraritaeten-shop.com\/en\/wp-json\/wp\/v2\/media?parent=7520"}],"wp:term":[{"taxonomy":"product_brand","embeddable":true,"href":"https:\/\/www.agraritaeten-shop.com\/en\/wp-json\/wp\/v2\/product_brand?post=7520"},{"taxonomy":"product_cat","embeddable":true,"href":"https:\/\/www.agraritaeten-shop.com\/en\/wp-json\/wp\/v2\/product_cat?post=7520"},{"taxonomy":"product_tag","embeddable":true,"href":"https:\/\/www.agraritaeten-shop.com\/en\/wp-json\/wp\/v2\/product_tag?post=7520"}],"curies":[{"name":"wp","href":"https:\/\/api.w.org\/{rel}","templated":true}]}}