{"id":7834,"date":"2023-11-06T18:20:05","date_gmt":"2023-11-06T17:20:05","guid":{"rendered":"https:\/\/www.agraritaeten-shop.com\/?post_type=product&#038;p=7834"},"modified":"2024-08-28T22:30:56","modified_gmt":"2024-08-28T20:30:56","slug":"senior-prospekt-hackgeraete","status":"publish","type":"product","link":"https:\/\/www.agraritaeten-shop.com\/en\/shop\/prospekte\/sonstige-prospekte\/senior-prospekt-hackgeraete\/","title":{"rendered":"SENIOR Prospekt Hackger\u00e4te"},"content":{"rendered":"<h1><strong>original brochure<br \/>\n<\/strong><\/h1>\n<h2>SENIOR Hackger\u00e4te<\/h2>\n<ul>\n<li>A4 format<\/li>\n<li>Fold-out brochure with 6 pages<\/li>\n<li>German<\/li>\n<li>punched<\/li>\n<li>used<\/li>\n<li>folded in the middle<\/li>\n<li>heavy signs of use along the edges, slightly creased<\/li>\n<li>Besch\u00e4digung am oberen Rand<\/li>\n<li>100% original<\/li>\n<\/ul>","protected":false},"excerpt":{"rendered":"<p>original Prospekt SENIOR Hackger\u00e4te A4 Format 6 Seiten ausklappbar Deutsch gelocht gebraucht in der Mitte geknickt gr\u00f6bere Gebrauchsspuren entlang der Kanten, etwas zerknittert Besch\u00e4digung am oberen Rand 100% original<\/p>","protected":false},"featured_media":7731,"template":"","meta":[],"product_brand":[],"product_cat":[45,123,132],"product_tag":[1138,186,1106],"class_list":{"0":"post-7834","1":"product","2":"type-product","3":"status-publish","4":"has-post-thumbnail","6":"product_cat-prospekte","7":"product_cat-sonstige","8":"product_cat-sonstige-prospekte","9":"product_tag-hackgeraete","10":"product_tag-prospekt","11":"product_tag-senior","13":"first","14":"instock","15":"shipping-taxable","16":"purchasable","17":"product-type-simple"},"_links":{"self":[{"href":"https:\/\/www.agraritaeten-shop.com\/en\/wp-json\/wp\/v2\/product\/7834","targetHints":{"allow":["GET"]}}],"collection":[{"href":"https:\/\/www.agraritaeten-shop.com\/en\/wp-json\/wp\/v2\/product"}],"about":[{"href":"https:\/\/www.agraritaeten-shop.com\/en\/wp-json\/wp\/v2\/types\/product"}],"wp:featuredmedia":[{"embeddable":true,"href":"https:\/\/www.agraritaeten-shop.com\/en\/wp-json\/wp\/v2\/media\/7731"}],"wp:attachment":[{"href":"https:\/\/www.agraritaeten-shop.com\/en\/wp-json\/wp\/v2\/media?parent=7834"}],"wp:term":[{"taxonomy":"product_brand","embeddable":true,"href":"https:\/\/www.agraritaeten-shop.com\/en\/wp-json\/wp\/v2\/product_brand?post=7834"},{"taxonomy":"product_cat","embeddable":true,"href":"https:\/\/www.agraritaeten-shop.com\/en\/wp-json\/wp\/v2\/product_cat?post=7834"},{"taxonomy":"product_tag","embeddable":true,"href":"https:\/\/www.agraritaeten-shop.com\/en\/wp-json\/wp\/v2\/product_tag?post=7834"}],"curies":[{"name":"wp","href":"https:\/\/api.w.org\/{rel}","templated":true}]}}