{"id":7956,"date":"2024-01-19T12:33:35","date_gmt":"2024-01-19T11:33:35","guid":{"rendered":"https:\/\/www.agraritaeten-shop.com\/?post_type=product&#038;p=7956"},"modified":"2026-04-04T21:02:33","modified_gmt":"2026-04-04T19:02:33","slug":"steyr-pflichtueberpruefungsheft-fuer-traktor-80","status":"publish","type":"product","link":"https:\/\/www.agraritaeten-shop.com\/en\/shop\/handbuecher\/handbuecher-traktoren\/steyr-pflichtueberpruefungsheft-fuer-traktor-80\/","title":{"rendered":"STEYR Pflicht\u00fcberpr\u00fcfungsheft f\u00fcr Traktor 80"},"content":{"rendered":"<h1><strong>original Kundendienst-Pflicht\u00fcberpr\u00fcfungsheft <\/strong><\/h1>\n<h2>f\u00fcr STEYR Diesel-Traktor Typ 80<br \/>\n<span style=\"font-size: 75%;\">15. <em>edition<\/em> (Nachdruck)<br \/>\n<em>Achtung<\/em>: unvollst\u00e4ndig, da verwendet<\/span><\/h2>\n<ul>\n<li>approx. 10cm x 15cm<\/li>\n<li>242 pages, of which 3 sheets missing<\/li>\n<li>German<\/li>\n<li>used<\/li>\n<li>teilweise ausgef\u00fcllt<\/li>\n<li>signs of use, slight soiling, otherwise acceptable condition<\/li>\n<li>100% original<\/li>\n<li>Print No.: <em>65-2.6 V.61-Hd, TS 27\/59 N3<\/em><\/li>\n<\/ul>","protected":false},"excerpt":{"rendered":"<p>original Kundendienst-Pflicht\u00fcberpr\u00fcfungsheft f\u00fcr STEYR Diesel-Traktor Typ 80 15. Auflage (Nachdruck) Achtung: unvollst\u00e4ndig, da verwendet ca. 10cm x 15cm 24 Seiten, davon fehlen 3 Bl\u00e4tter Deutsch gebraucht teilweise ausgef\u00fcllt Gebrauchsspuren, leichte Verschmutzungen, ansonsten akzeptabler Zustand 100% original DruckNr. 65-2.6 V.61-Hd, TS 27\/59 N3<\/p>","protected":false},"featured_media":7863,"template":"","meta":[],"product_brand":[],"product_cat":[18,53,49],"product_tag":[1164,1166,1165,306,188],"class_list":{"0":"post-7956","1":"product","2":"type-product","3":"status-publish","4":"has-post-thumbnail","6":"product_cat-handbuecher","7":"product_cat-steyr","8":"product_cat-handbuecher-traktoren","9":"product_tag-kundendienst","10":"product_tag-pflichtueberpruefungsheft","11":"product_tag-scheckheft","12":"product_tag-steyr","13":"product_tag-traktor","15":"first","16":"instock","17":"shipping-taxable","18":"purchasable","19":"product-type-simple"},"_links":{"self":[{"href":"https:\/\/www.agraritaeten-shop.com\/en\/wp-json\/wp\/v2\/product\/7956","targetHints":{"allow":["GET"]}}],"collection":[{"href":"https:\/\/www.agraritaeten-shop.com\/en\/wp-json\/wp\/v2\/product"}],"about":[{"href":"https:\/\/www.agraritaeten-shop.com\/en\/wp-json\/wp\/v2\/types\/product"}],"wp:featuredmedia":[{"embeddable":true,"href":"https:\/\/www.agraritaeten-shop.com\/en\/wp-json\/wp\/v2\/media\/7863"}],"wp:attachment":[{"href":"https:\/\/www.agraritaeten-shop.com\/en\/wp-json\/wp\/v2\/media?parent=7956"}],"wp:term":[{"taxonomy":"product_brand","embeddable":true,"href":"https:\/\/www.agraritaeten-shop.com\/en\/wp-json\/wp\/v2\/product_brand?post=7956"},{"taxonomy":"product_cat","embeddable":true,"href":"https:\/\/www.agraritaeten-shop.com\/en\/wp-json\/wp\/v2\/product_cat?post=7956"},{"taxonomy":"product_tag","embeddable":true,"href":"https:\/\/www.agraritaeten-shop.com\/en\/wp-json\/wp\/v2\/product_tag?post=7956"}],"curies":[{"name":"wp","href":"https:\/\/api.w.org\/{rel}","templated":true}]}}