{"id":7959,"date":"2024-01-20T12:59:57","date_gmt":"2024-01-20T11:59:57","guid":{"rendered":"https:\/\/www.agraritaeten-shop.com\/?post_type=product&#038;p=7959"},"modified":"2026-04-04T20:58:50","modified_gmt":"2026-04-04T18:58:50","slug":"claas-kundendienst-scheckheft-fuer-feldhaecksler","status":"publish","type":"product","link":"https:\/\/www.agraritaeten-shop.com\/en\/shop\/handbuecher\/handbuecher_haecksler\/claas-kundendienst-scheckheft-fuer-feldhaecksler\/","title":{"rendered":"CLAAS Kundendienst-Scheckheft f\u00fcr Feldh\u00e4cksler"},"content":{"rendered":"<h1><strong>original Kundendienst-Scheckheft<\/strong><\/h1>\n<h2>f\u00fcr CLAAS Feldh\u00e4cksler, vollst\u00e4ndig<\/h2>\n<ul>\n<li>approx. 21cm x 10cm<\/li>\n<li>16 pages<\/li>\n<li>German<\/li>\n<li>not punched<\/li>\n<li>used but complete<\/li>\n<li>water stains on the title page, otherwise in good condition<\/li>\n<li>100% original<\/li>\n<li>Print No.: <em>185 153.1 &#8211; KD-SH FH-D-500-8.88-KD.<\/em><\/li>\n<\/ul>","protected":false},"excerpt":{"rendered":"<p>original Kundendienst-Scheckheft f\u00fcr CLAAS Feldh\u00e4cksler, vollst\u00e4ndig ca. 21cm x 10cm 16 Seiten Deutsch nicht gelocht gebraucht aber vollst\u00e4ndig Feuchtigkeitsflecken auf der Titelseite, ansonsten gut erhalten 100% original DruckNr. 185 153.1 &#8211; KD-SH FH-D-500-8.88-KD.<\/p>","protected":false},"featured_media":7865,"template":"","meta":[],"product_brand":[],"product_cat":[100,1168,18],"product_tag":[378,445,1164,1165],"class_list":{"0":"post-7959","1":"product","2":"type-product","3":"status-publish","4":"has-post-thumbnail","6":"product_cat-claas","7":"product_cat-handbuecher_haecksler","8":"product_cat-handbuecher","9":"product_tag-claas","10":"product_tag-feldhaecksler","11":"product_tag-kundendienst","12":"product_tag-scheckheft","14":"first","15":"instock","16":"shipping-taxable","17":"purchasable","18":"product-type-simple"},"_links":{"self":[{"href":"https:\/\/www.agraritaeten-shop.com\/en\/wp-json\/wp\/v2\/product\/7959","targetHints":{"allow":["GET"]}}],"collection":[{"href":"https:\/\/www.agraritaeten-shop.com\/en\/wp-json\/wp\/v2\/product"}],"about":[{"href":"https:\/\/www.agraritaeten-shop.com\/en\/wp-json\/wp\/v2\/types\/product"}],"wp:featuredmedia":[{"embeddable":true,"href":"https:\/\/www.agraritaeten-shop.com\/en\/wp-json\/wp\/v2\/media\/7865"}],"wp:attachment":[{"href":"https:\/\/www.agraritaeten-shop.com\/en\/wp-json\/wp\/v2\/media?parent=7959"}],"wp:term":[{"taxonomy":"product_brand","embeddable":true,"href":"https:\/\/www.agraritaeten-shop.com\/en\/wp-json\/wp\/v2\/product_brand?post=7959"},{"taxonomy":"product_cat","embeddable":true,"href":"https:\/\/www.agraritaeten-shop.com\/en\/wp-json\/wp\/v2\/product_cat?post=7959"},{"taxonomy":"product_tag","embeddable":true,"href":"https:\/\/www.agraritaeten-shop.com\/en\/wp-json\/wp\/v2\/product_tag?post=7959"}],"curies":[{"name":"wp","href":"https:\/\/api.w.org\/{rel}","templated":true}]}}