{"id":8121,"date":"2024-02-12T22:47:44","date_gmt":"2024-02-12T21:47:44","guid":{"rendered":"https:\/\/www.agraritaeten-shop.com\/?post_type=product&#038;p=8121"},"modified":"2026-04-01T14:58:44","modified_gmt":"2026-04-01T12:58:44","slug":"steyr-kundendienst-scheckheft-fuer-traktor-serie-80","status":"publish","type":"product","link":"https:\/\/www.agraritaeten-shop.com\/en\/shop\/handbuecher\/handbuecher-traktoren\/steyr-kundendienst-scheckheft-fuer-traktor-serie-80\/","title":{"rendered":"STEYR Kundendienst-Scheckheft f\u00fcr Traktor Serie 80"},"content":{"rendered":"<h1><strong>original Kundendienst-Scheckheft<\/strong><\/h1>\n<h2>f\u00fcr Traktor Serie 80<span style=\"font-size: 75%;\"><br \/>\n<em>Achtung<\/em>: unvollst\u00e4ndig, da verwendet<\/span><\/h2>\n<ul>\n<li><em>approx.<\/em> A5 landscape format<\/li>\n<li>24 pages, of which 3 sheets have been removed<\/li>\n<li>German<\/li>\n<li>used<\/li>\n<li>teilweise ausgef\u00fcllt<\/li>\n<li>minimal signs of use otherwise in good condition<\/li>\n<li>100% original<\/li>\n<li>Print No.:<em> T-TS 236\/81, Hd 113 &#8211; 1.1 &#8211; 82.02<\/em><\/li>\n<\/ul>","protected":false},"excerpt":{"rendered":"<p>original Kundendienst-Scheckheft f\u00fcr Traktor Serie 80 Achtung: unvollst\u00e4ndig, da verwendet ca. A5 Querformat 24 Seiten, davon wurden 3 Bl\u00e4tter entfernt Deutsch gebraucht teilweise ausgef\u00fcllt minimale Verwendungsspuren, ansonsten guter Zustand 100% original DruckNr. T-TS 236\/81, Hd 113 &#8211; 1.1 &#8211; 82.02<\/p>","protected":false},"featured_media":8047,"template":"","meta":[],"product_brand":[],"product_cat":[18,53,49],"product_tag":[1164,1165,306,188],"class_list":{"0":"post-8121","1":"product","2":"type-product","3":"status-publish","4":"has-post-thumbnail","6":"product_cat-handbuecher","7":"product_cat-steyr","8":"product_cat-handbuecher-traktoren","9":"product_tag-kundendienst","10":"product_tag-scheckheft","11":"product_tag-steyr","12":"product_tag-traktor","14":"first","15":"instock","16":"shipping-taxable","17":"purchasable","18":"product-type-simple"},"_links":{"self":[{"href":"https:\/\/www.agraritaeten-shop.com\/en\/wp-json\/wp\/v2\/product\/8121","targetHints":{"allow":["GET"]}}],"collection":[{"href":"https:\/\/www.agraritaeten-shop.com\/en\/wp-json\/wp\/v2\/product"}],"about":[{"href":"https:\/\/www.agraritaeten-shop.com\/en\/wp-json\/wp\/v2\/types\/product"}],"wp:featuredmedia":[{"embeddable":true,"href":"https:\/\/www.agraritaeten-shop.com\/en\/wp-json\/wp\/v2\/media\/8047"}],"wp:attachment":[{"href":"https:\/\/www.agraritaeten-shop.com\/en\/wp-json\/wp\/v2\/media?parent=8121"}],"wp:term":[{"taxonomy":"product_brand","embeddable":true,"href":"https:\/\/www.agraritaeten-shop.com\/en\/wp-json\/wp\/v2\/product_brand?post=8121"},{"taxonomy":"product_cat","embeddable":true,"href":"https:\/\/www.agraritaeten-shop.com\/en\/wp-json\/wp\/v2\/product_cat?post=8121"},{"taxonomy":"product_tag","embeddable":true,"href":"https:\/\/www.agraritaeten-shop.com\/en\/wp-json\/wp\/v2\/product_tag?post=8121"}],"curies":[{"name":"wp","href":"https:\/\/api.w.org\/{rel}","templated":true}]}}