{"id":8404,"date":"2024-01-03T22:38:43","date_gmt":"2024-01-03T21:38:43","guid":{"rendered":"https:\/\/www.agraritaeten-shop.com\/?post_type=product&#038;p=8404"},"modified":"2026-04-04T21:48:34","modified_gmt":"2026-04-04T19:48:34","slug":"eicher-prospekt-universal-schlepper","status":"publish","type":"product","link":"https:\/\/www.agraritaeten-shop.com\/en\/shop\/prospekte\/prospekte_eicher\/eicher-prospekt-universal-schlepper\/","title":{"rendered":"EICHER Prospekt Universal-Schlepper"},"content":{"rendered":"<h1><strong>original brochure<br \/>\n<\/strong><\/h1>\n<h2>EICHER Universal-Schlepper, Ger\u00e4tetr\u00e4ger und Frontlader<br \/>\nLeopard, Panther, Tiger, K\u00f6nigstiger, Mammut, Mammut II<\/h2>\n<ul>\n<li><em>approx.<\/em> 15cm x 23,5cm<\/li>\n<li>fold-out along the length to 5 times its original size<\/li>\n<li>German<\/li>\n<li>used<\/li>\n<li>punched<\/li>\n<li>Tear at the spine, otherwise very well-preserved<\/li>\n<li>100% original<\/li>\n<li>Print No.: <em>EF-162 V.62 100<\/em><\/li>\n<\/ul>","protected":false},"excerpt":{"rendered":"<p>original Prospekt EICHER Universal-Schlepper, Ger\u00e4tetr\u00e4ger und Frontlader Leopard, Panther, Tiger, K\u00f6nigstiger, Mammut, Mammut II ca. 15cm x 23,5cm der L\u00e4nge nach ausklappbar zur 5fachen Gr\u00f6\u00dfe Deutsch gebraucht gelocht Riss am Bug, ansonsten sehr gut erhalten 100% original DruckNr. EF-162 V.62 100<\/p>","protected":false},"featured_media":8342,"template":"","meta":[],"product_brand":[],"product_cat":[90,99,45],"product_tag":[518,480,665,186,256,188],"class_list":{"0":"post-8404","1":"product","2":"type-product","3":"status-publish","4":"has-post-thumbnail","6":"product_cat-eicher","7":"product_cat-prospekte_eicher","8":"product_cat-prospekte","9":"product_tag-eicher","10":"product_tag-frontlader","11":"product_tag-geraetetraeger","12":"product_tag-prospekt","13":"product_tag-schlepper","14":"product_tag-traktor","16":"first","17":"instock","18":"shipping-taxable","19":"purchasable","20":"product-type-simple"},"_links":{"self":[{"href":"https:\/\/www.agraritaeten-shop.com\/en\/wp-json\/wp\/v2\/product\/8404","targetHints":{"allow":["GET"]}}],"collection":[{"href":"https:\/\/www.agraritaeten-shop.com\/en\/wp-json\/wp\/v2\/product"}],"about":[{"href":"https:\/\/www.agraritaeten-shop.com\/en\/wp-json\/wp\/v2\/types\/product"}],"wp:featuredmedia":[{"embeddable":true,"href":"https:\/\/www.agraritaeten-shop.com\/en\/wp-json\/wp\/v2\/media\/8342"}],"wp:attachment":[{"href":"https:\/\/www.agraritaeten-shop.com\/en\/wp-json\/wp\/v2\/media?parent=8404"}],"wp:term":[{"taxonomy":"product_brand","embeddable":true,"href":"https:\/\/www.agraritaeten-shop.com\/en\/wp-json\/wp\/v2\/product_brand?post=8404"},{"taxonomy":"product_cat","embeddable":true,"href":"https:\/\/www.agraritaeten-shop.com\/en\/wp-json\/wp\/v2\/product_cat?post=8404"},{"taxonomy":"product_tag","embeddable":true,"href":"https:\/\/www.agraritaeten-shop.com\/en\/wp-json\/wp\/v2\/product_tag?post=8404"}],"curies":[{"name":"wp","href":"https:\/\/api.w.org\/{rel}","templated":true}]}}