{"id":8728,"date":"2025-10-16T17:55:33","date_gmt":"2025-10-16T15:55:33","guid":{"rendered":"https:\/\/www.agraritaeten-shop.com\/?post_type=product&#038;p=8728"},"modified":"2026-02-28T14:25:33","modified_gmt":"2026-02-28T13:25:33","slug":"eicher-prospekt-geraetetraeger","status":"publish","type":"product","link":"https:\/\/www.agraritaeten-shop.com\/en\/shop\/prospekte\/prospekte_eicher\/eicher-prospekt-geraetetraeger\/","title":{"rendered":"EICHER Prospekt Ger\u00e4tetr\u00e4ger"},"content":{"rendered":"<h1><strong>original brochure<br \/>\n<\/strong><\/h1>\n<h2>EICHER Ger\u00e4tetr\u00e4ger<\/h2>\n<ul>\n<li>A5 format<\/li>\n<li>10 pages, folds out lengthwise<\/li>\n<li>German<\/li>\n<li>used<\/li>\n<li>not punched<\/li>\n<li>very good condition<\/li>\n<li>100% original<\/li>\n<li>Print No.: <em>ED 178\/8.63<\/em><\/li>\n<\/ul>","protected":false},"excerpt":{"rendered":"<p>original Prospekt EICHER Ger\u00e4tetr\u00e4ger A5 Format 10 Seiten der L\u00e4nge nach auffaltbar Deutsch gebraucht nicht gelocht sehr guter Zustand 100% original DruckNr. ED 178\/8.63<\/p>","protected":false},"featured_media":8694,"template":"","meta":[],"product_brand":[],"product_cat":[90,99,45],"product_tag":[518,665,186],"class_list":{"0":"post-8728","1":"product","2":"type-product","3":"status-publish","4":"has-post-thumbnail","6":"product_cat-eicher","7":"product_cat-prospekte_eicher","8":"product_cat-prospekte","9":"product_tag-eicher","10":"product_tag-geraetetraeger","11":"product_tag-prospekt","13":"first","14":"instock","15":"shipping-taxable","16":"purchasable","17":"product-type-simple"},"_links":{"self":[{"href":"https:\/\/www.agraritaeten-shop.com\/en\/wp-json\/wp\/v2\/product\/8728","targetHints":{"allow":["GET"]}}],"collection":[{"href":"https:\/\/www.agraritaeten-shop.com\/en\/wp-json\/wp\/v2\/product"}],"about":[{"href":"https:\/\/www.agraritaeten-shop.com\/en\/wp-json\/wp\/v2\/types\/product"}],"wp:featuredmedia":[{"embeddable":true,"href":"https:\/\/www.agraritaeten-shop.com\/en\/wp-json\/wp\/v2\/media\/8694"}],"wp:attachment":[{"href":"https:\/\/www.agraritaeten-shop.com\/en\/wp-json\/wp\/v2\/media?parent=8728"}],"wp:term":[{"taxonomy":"product_brand","embeddable":true,"href":"https:\/\/www.agraritaeten-shop.com\/en\/wp-json\/wp\/v2\/product_brand?post=8728"},{"taxonomy":"product_cat","embeddable":true,"href":"https:\/\/www.agraritaeten-shop.com\/en\/wp-json\/wp\/v2\/product_cat?post=8728"},{"taxonomy":"product_tag","embeddable":true,"href":"https:\/\/www.agraritaeten-shop.com\/en\/wp-json\/wp\/v2\/product_tag?post=8728"}],"curies":[{"name":"wp","href":"https:\/\/api.w.org\/{rel}","templated":true}]}}