{"id":8742,"date":"2024-01-01T20:26:27","date_gmt":"2024-01-01T19:26:27","guid":{"rendered":"https:\/\/www.agraritaeten-shop.com\/?post_type=product&#038;p=8742"},"modified":"2026-05-03T03:12:21","modified_gmt":"2026-05-03T01:12:21","slug":"amazone-prospekt-fruehentscheider-nachlaesse-2002","status":"publish","type":"product","link":"https:\/\/www.agraritaeten-shop.com\/en\/shop\/prospekte\/amazone-prospekte\/amazone-prospekt-fruehentscheider-nachlaesse-2002\/","title":{"rendered":"AMAZONE Prospekt Fr\u00fchentscheider-Nachl\u00e4sse 2002"},"content":{"rendered":"<h1><strong>original brochure<br \/>\n<\/strong><\/h1>\n<h2>AMAZONE u. BBG\u00a0Fr\u00fchentscheider-Nachl\u00e4sse 2002<br \/>\n<span style=\"font-size: 75%;\">Amazone-Werke und <\/span><span style=\"font-size: 75%;\">BBG Bodenbearbeitungsger\u00e4te<\/span><\/h2>\n<ul>\n<li>A4 format<\/li>\n<li>1 sheet, printed on both sides<\/li>\n<li>German<\/li>\n<li>not punched<\/li>\n<li>used<\/li>\n<li>very good condition<\/li>\n<li>100% original<\/li>\n<li>Print No.: <em>MI550\/D 604 (D) 02.02<\/em><\/li>\n<\/ul>","protected":false},"excerpt":{"rendered":"<p>original Prospekt AMAZONE u. BBG\u00a0Fr\u00fchentscheider-Nachl\u00e4sse 2002 Amazone-Werke und BBG Bodenbearbeitungsger\u00e4te A4 Format 1 Blatt, beidseitig bedruckt Deutsch nicht gelocht gebraucht sehr guter Zustand 100% original DruckNr. MI550\/D 604 (D) 02.02<\/p>","protected":false},"featured_media":8683,"template":"","meta":[],"product_brand":[],"product_cat":[147,144,45],"product_tag":[771,739,186],"class_list":{"0":"post-8742","1":"product","2":"type-product","3":"status-publish","4":"has-post-thumbnail","6":"product_cat-amazone-prospekte","7":"product_cat-amazone","8":"product_cat-prospekte","9":"product_tag-amazone","10":"product_tag-bbg","11":"product_tag-prospekt","13":"first","14":"instock","15":"shipping-taxable","16":"purchasable","17":"product-type-simple"},"_links":{"self":[{"href":"https:\/\/www.agraritaeten-shop.com\/en\/wp-json\/wp\/v2\/product\/8742","targetHints":{"allow":["GET"]}}],"collection":[{"href":"https:\/\/www.agraritaeten-shop.com\/en\/wp-json\/wp\/v2\/product"}],"about":[{"href":"https:\/\/www.agraritaeten-shop.com\/en\/wp-json\/wp\/v2\/types\/product"}],"wp:featuredmedia":[{"embeddable":true,"href":"https:\/\/www.agraritaeten-shop.com\/en\/wp-json\/wp\/v2\/media\/8683"}],"wp:attachment":[{"href":"https:\/\/www.agraritaeten-shop.com\/en\/wp-json\/wp\/v2\/media?parent=8742"}],"wp:term":[{"taxonomy":"product_brand","embeddable":true,"href":"https:\/\/www.agraritaeten-shop.com\/en\/wp-json\/wp\/v2\/product_brand?post=8742"},{"taxonomy":"product_cat","embeddable":true,"href":"https:\/\/www.agraritaeten-shop.com\/en\/wp-json\/wp\/v2\/product_cat?post=8742"},{"taxonomy":"product_tag","embeddable":true,"href":"https:\/\/www.agraritaeten-shop.com\/en\/wp-json\/wp\/v2\/product_tag?post=8742"}],"curies":[{"name":"wp","href":"https:\/\/api.w.org\/{rel}","templated":true}]}}