{"id":8997,"date":"2024-01-13T22:50:55","date_gmt":"2024-01-13T21:50:55","guid":{"rendered":"https:\/\/www.agraritaeten-shop.com\/?post_type=product&#038;p=8997"},"modified":"2026-02-15T10:34:36","modified_gmt":"2026-02-15T09:34:36","slug":"kramer-bedienungsanleitung-diesel-schlepper-kl400","status":"publish","type":"product","link":"https:\/\/www.agraritaeten-shop.com\/en\/shop\/betriebsanleitungen\/traktoren-betriebsanleitungen\/kramer-bedienungsanleitung-diesel-schlepper-kl400\/","title":{"rendered":"KRAMER Bedienungsanleitung Diesel-Schlepper KL400"},"content":{"rendered":"<h1><strong>original Bedienungsanleitung<br \/>\n<\/strong><\/h1>\n<h2>f\u00fcr KRAMER Diesel-Schlepper KL400<\/h2>\n<ul>\n<li>A5 format<\/li>\n<li>28 pages<\/li>\n<li>German<\/li>\n<li>not punched<\/li>\n<li>used<\/li>\n<li>leichte Besch\u00e4digung auf der R\u00fcckseite<\/li>\n<li>otherwise very good condition<\/li>\n<li>100% original<\/li>\n<li>DruckNr. K 883\/1<\/li>\n<\/ul>","protected":false},"excerpt":{"rendered":"<p>original Bedienungsanleitung f\u00fcr KRAMER Diesel-Schlepper KL400 A5 Format 28 Seiten Deutsch nicht gelocht gebraucht leichte Besch\u00e4digung auf der R\u00fcckseite ansonsten sehr guter Zustand 100% original DruckNr. K 883\/1<\/p>","protected":false},"featured_media":8935,"template":"","meta":[],"product_brand":[],"product_cat":[16,648,46],"product_tag":[623,650,256],"class_list":{"0":"post-8997","1":"product","2":"type-product","3":"status-publish","4":"has-post-thumbnail","6":"product_cat-betriebsanleitungen","7":"product_cat-kramer","8":"product_cat-traktoren-betriebsanleitungen","9":"product_tag-bedienungsanleitung","10":"product_tag-kramer","11":"product_tag-schlepper","13":"first","14":"outofstock","15":"shipping-taxable","16":"purchasable","17":"product-type-simple"},"_links":{"self":[{"href":"https:\/\/www.agraritaeten-shop.com\/en\/wp-json\/wp\/v2\/product\/8997","targetHints":{"allow":["GET"]}}],"collection":[{"href":"https:\/\/www.agraritaeten-shop.com\/en\/wp-json\/wp\/v2\/product"}],"about":[{"href":"https:\/\/www.agraritaeten-shop.com\/en\/wp-json\/wp\/v2\/types\/product"}],"wp:featuredmedia":[{"embeddable":true,"href":"https:\/\/www.agraritaeten-shop.com\/en\/wp-json\/wp\/v2\/media\/8935"}],"wp:attachment":[{"href":"https:\/\/www.agraritaeten-shop.com\/en\/wp-json\/wp\/v2\/media?parent=8997"}],"wp:term":[{"taxonomy":"product_brand","embeddable":true,"href":"https:\/\/www.agraritaeten-shop.com\/en\/wp-json\/wp\/v2\/product_brand?post=8997"},{"taxonomy":"product_cat","embeddable":true,"href":"https:\/\/www.agraritaeten-shop.com\/en\/wp-json\/wp\/v2\/product_cat?post=8997"},{"taxonomy":"product_tag","embeddable":true,"href":"https:\/\/www.agraritaeten-shop.com\/en\/wp-json\/wp\/v2\/product_tag?post=8997"}],"curies":[{"name":"wp","href":"https:\/\/api.w.org\/{rel}","templated":true}]}}