{"id":9110,"date":"2024-01-10T18:56:43","date_gmt":"2024-01-10T17:56:43","guid":{"rendered":"https:\/\/www.agraritaeten-shop.com\/?post_type=product&#038;p=9110"},"modified":"2026-04-04T21:24:24","modified_gmt":"2026-04-04T19:24:24","slug":"utb-prospekt-schlepper-universal-445hcv","status":"publish","type":"product","link":"https:\/\/www.agraritaeten-shop.com\/en\/shop\/prospekte\/sonstige-prospekte\/utb-prospekt-schlepper-universal-445hcv\/","title":{"rendered":"UTB Prospekt Schlepper Universal 445HCV"},"content":{"rendered":"<h1><strong>original brochure<br \/>\n<\/strong><\/h1>\n<h2>UTB Romania<br \/>\nSchlepper Universal 445HCV<\/h2>\n<ul>\n<li>A4 format<\/li>\n<li>1 sheet, printed on both sides<\/li>\n<li>German<\/li>\n<li>not punched<\/li>\n<li>used<\/li>\n<li>small adhesive strips applied to the back pages, possibly to reinforce the edges<\/li>\n<li>otherwise in excellent condition<\/li>\n<li>100% original<\/li>\n<li>Print No.: <em>Imprimat UTB 402.78.30.P.V.<\/em><\/li>\n<\/ul>","protected":false},"excerpt":{"rendered":"<p>original Prospekt UTB Romania Schlepper Universal 445HCV A4 Format 1 Blatt beidseitig bedruckt Deutsch nicht gelocht gebraucht auf der R\u00fcckseiten wurden kleine Klebestreifen angebracht, m\u00f6glicherweise zur Verst\u00e4rkung der Kanten ansonsten aber einwandfreier Zustand 100% original DruckNr. Imprimat UTB 402.78.30.P.V.<\/p>","protected":false},"featured_media":8875,"template":"","meta":[],"product_brand":[],"product_cat":[45,123,132],"product_tag":[186,256,188,593],"class_list":{"0":"post-9110","1":"product","2":"type-product","3":"status-publish","4":"has-post-thumbnail","6":"product_cat-prospekte","7":"product_cat-sonstige","8":"product_cat-sonstige-prospekte","9":"product_tag-prospekt","10":"product_tag-schlepper","11":"product_tag-traktor","12":"product_tag-utb","14":"first","15":"instock","16":"shipping-taxable","17":"purchasable","18":"product-type-simple"},"_links":{"self":[{"href":"https:\/\/www.agraritaeten-shop.com\/en\/wp-json\/wp\/v2\/product\/9110","targetHints":{"allow":["GET"]}}],"collection":[{"href":"https:\/\/www.agraritaeten-shop.com\/en\/wp-json\/wp\/v2\/product"}],"about":[{"href":"https:\/\/www.agraritaeten-shop.com\/en\/wp-json\/wp\/v2\/types\/product"}],"wp:featuredmedia":[{"embeddable":true,"href":"https:\/\/www.agraritaeten-shop.com\/en\/wp-json\/wp\/v2\/media\/8875"}],"wp:attachment":[{"href":"https:\/\/www.agraritaeten-shop.com\/en\/wp-json\/wp\/v2\/media?parent=9110"}],"wp:term":[{"taxonomy":"product_brand","embeddable":true,"href":"https:\/\/www.agraritaeten-shop.com\/en\/wp-json\/wp\/v2\/product_brand?post=9110"},{"taxonomy":"product_cat","embeddable":true,"href":"https:\/\/www.agraritaeten-shop.com\/en\/wp-json\/wp\/v2\/product_cat?post=9110"},{"taxonomy":"product_tag","embeddable":true,"href":"https:\/\/www.agraritaeten-shop.com\/en\/wp-json\/wp\/v2\/product_tag?post=9110"}],"curies":[{"name":"wp","href":"https:\/\/api.w.org\/{rel}","templated":true}]}}