{"id":9191,"date":"2024-01-09T18:00:11","date_gmt":"2024-01-09T17:00:11","guid":{"rendered":"https:\/\/www.agraritaeten-shop.com\/?post_type=product&#038;p=9191"},"modified":"2024-08-19T09:15:41","modified_gmt":"2024-08-19T07:15:41","slug":"fella-prospekt-bindemaeher-leege-3","status":"publish","type":"product","link":"https:\/\/www.agraritaeten-shop.com\/en\/shop\/prospekte\/prospekte_fella\/fella-prospekt-bindemaeher-leege-3\/","title":{"rendered":"FELLA Prospekt Bindem\u00e4her &#8222;Leege&#8220;"},"content":{"rendered":"<h1><strong>original brochure<\/strong><\/h1>\n<h2>FELLA Bindem\u00e4her &#8222;Leege&#8220;<\/h2>\n<ul>\n<li>A4 format<\/li>\n<li>Fold-out brochure with 6 pages<\/li>\n<li>German<\/li>\n<li>punched<\/li>\n<li>used<\/li>\n<li>kleine Besch\u00e4digung auf der R\u00fcckseite<\/li>\n<li>otherwise very good condition<\/li>\n<li>100% original<\/li>\n<\/ul>","protected":false},"excerpt":{"rendered":"<p>original Prospekt FELLA Bindem\u00e4her &#8222;Leege&#8220; A4 Format 6 Seiten ausklappbar Deutsch gelocht gebraucht kleine Besch\u00e4digung auf der R\u00fcckseite ansonsten sehr guter Zustand 100% original<\/p>","protected":false},"featured_media":9169,"template":"","meta":[],"product_brand":[],"product_cat":[177,178,45],"product_tag":[265,641,186],"class_list":{"0":"post-9191","1":"product","2":"type-product","3":"status-publish","4":"has-post-thumbnail","6":"product_cat-fella","7":"product_cat-prospekte_fella","8":"product_cat-prospekte","9":"product_tag-bindemaeher","10":"product_tag-fella","11":"product_tag-prospekt","13":"first","14":"instock","15":"shipping-taxable","16":"purchasable","17":"product-type-simple"},"_links":{"self":[{"href":"https:\/\/www.agraritaeten-shop.com\/en\/wp-json\/wp\/v2\/product\/9191","targetHints":{"allow":["GET"]}}],"collection":[{"href":"https:\/\/www.agraritaeten-shop.com\/en\/wp-json\/wp\/v2\/product"}],"about":[{"href":"https:\/\/www.agraritaeten-shop.com\/en\/wp-json\/wp\/v2\/types\/product"}],"wp:featuredmedia":[{"embeddable":true,"href":"https:\/\/www.agraritaeten-shop.com\/en\/wp-json\/wp\/v2\/media\/9169"}],"wp:attachment":[{"href":"https:\/\/www.agraritaeten-shop.com\/en\/wp-json\/wp\/v2\/media?parent=9191"}],"wp:term":[{"taxonomy":"product_brand","embeddable":true,"href":"https:\/\/www.agraritaeten-shop.com\/en\/wp-json\/wp\/v2\/product_brand?post=9191"},{"taxonomy":"product_cat","embeddable":true,"href":"https:\/\/www.agraritaeten-shop.com\/en\/wp-json\/wp\/v2\/product_cat?post=9191"},{"taxonomy":"product_tag","embeddable":true,"href":"https:\/\/www.agraritaeten-shop.com\/en\/wp-json\/wp\/v2\/product_tag?post=9191"}],"curies":[{"name":"wp","href":"https:\/\/api.w.org\/{rel}","templated":true}]}}