{"id":9525,"date":"2024-01-15T23:13:18","date_gmt":"2024-01-15T22:13:18","guid":{"rendered":"https:\/\/www.agraritaeten-shop.com\/?post_type=product&#038;p=9525"},"modified":"2025-10-11T00:17:53","modified_gmt":"2025-10-10T22:17:53","slug":"kmb-koenigswieser-prospekt-rueckewagen","status":"publish","type":"product","link":"https:\/\/www.agraritaeten-shop.com\/en\/shop\/prospekte\/sonstige-prospekte\/kmb-koenigswieser-prospekt-rueckewagen\/","title":{"rendered":"kmb K\u00d6NIGSWIESER Prospekt R\u00fcckewagen"},"content":{"rendered":"<h1><strong>original brochure<br \/>\n<\/strong><\/h1>\n<h2>kmb K\u00d6NIGSWIESER <span style=\"font-size: 100%;\">Maschinenbau, \u00d6sterreich<br \/>\n<\/span>R\u00fcckewagen<\/h2>\n<ul>\n<li>A4 format<\/li>\n<li>1 sheet, printed on both sides<\/li>\n<li>German<\/li>\n<li>punched<\/li>\n<li>used<\/li>\n<li>very good condition<\/li>\n<li>100% original<\/li>\n<\/ul>","protected":false},"excerpt":{"rendered":"<p>original Prospekt kmb K\u00d6NIGSWIESER Maschinenbau, \u00d6sterreich R\u00fcckewagen A4 Format 1 Blatt, beidseitig bedruckt Deutsch gelocht gebraucht sehr guter Zustand 100% original<\/p>","protected":false},"featured_media":9481,"template":"","meta":[],"product_brand":[],"product_cat":[45,123,132],"product_tag":[1313,1314,186,775],"class_list":{"0":"post-9525","1":"product","2":"type-product","3":"status-publish","4":"has-post-thumbnail","6":"product_cat-prospekte","7":"product_cat-sonstige","8":"product_cat-sonstige-prospekte","9":"product_tag-kmb","10":"product_tag-koenigswieser","11":"product_tag-prospekt","12":"product_tag-rueckewagen","14":"first","15":"outofstock","16":"shipping-taxable","17":"purchasable","18":"product-type-simple"},"_links":{"self":[{"href":"https:\/\/www.agraritaeten-shop.com\/en\/wp-json\/wp\/v2\/product\/9525","targetHints":{"allow":["GET"]}}],"collection":[{"href":"https:\/\/www.agraritaeten-shop.com\/en\/wp-json\/wp\/v2\/product"}],"about":[{"href":"https:\/\/www.agraritaeten-shop.com\/en\/wp-json\/wp\/v2\/types\/product"}],"wp:featuredmedia":[{"embeddable":true,"href":"https:\/\/www.agraritaeten-shop.com\/en\/wp-json\/wp\/v2\/media\/9481"}],"wp:attachment":[{"href":"https:\/\/www.agraritaeten-shop.com\/en\/wp-json\/wp\/v2\/media?parent=9525"}],"wp:term":[{"taxonomy":"product_brand","embeddable":true,"href":"https:\/\/www.agraritaeten-shop.com\/en\/wp-json\/wp\/v2\/product_brand?post=9525"},{"taxonomy":"product_cat","embeddable":true,"href":"https:\/\/www.agraritaeten-shop.com\/en\/wp-json\/wp\/v2\/product_cat?post=9525"},{"taxonomy":"product_tag","embeddable":true,"href":"https:\/\/www.agraritaeten-shop.com\/en\/wp-json\/wp\/v2\/product_tag?post=9525"}],"curies":[{"name":"wp","href":"https:\/\/api.w.org\/{rel}","templated":true}]}}