{"id":9956,"date":"2024-04-18T16:07:39","date_gmt":"2024-04-18T14:07:39","guid":{"rendered":"https:\/\/www.agraritaeten-shop.com\/?post_type=product&#038;p=9956"},"modified":"2026-03-22T16:27:08","modified_gmt":"2026-03-22T15:27:08","slug":"steyr-betriebsanleitung-traktoren-650-760-unvollstaendig","status":"publish","type":"product","link":"https:\/\/www.agraritaeten-shop.com\/en\/shop\/betriebsanleitungen\/traktoren-betriebsanleitungen\/steyr-betriebsanleitung-traktoren-650-760-unvollstaendig\/","title":{"rendered":"STEYR Betriebsanleitung Traktoren 650\/760 INCOMPLETE!"},"content":{"rendered":"<h1><strong>original User Manual<\/strong><\/h1>\n<h1>STEYR Traktoren 650\/650a\/760\/760a<br \/>\nincomplete!<br \/>\n<span style=\"font-size: 75%;\">4. <em>edition<\/em>, April 1976<br \/>\n<\/span><\/h1>\n<ul>\n<li><em>approx.<\/em> A5 landscape format<\/li>\n<li><em>70<\/em> pages<\/li>\n<li>German<\/li>\n<li>not punched<\/li>\n<li>used<\/li>\n<li>generally very well preserved, but illustrations on 2 interior pages have been removed<br \/>\ntherefore INCOMPLETE!<\/li>\n<li>100% original<\/li>\n<li>Print No.: <em>TS 227\/76, 20325 &#8211; 2 &#8211; 76.05 &#8211; HD<\/em><\/li>\n<\/ul>","protected":false},"excerpt":{"rendered":"<p>original Betriebsanleitung STEYR Traktoren 650\/650a\/760\/760a unvollst\u00e4ndig! 4. Auflage, April 1976 ca. A5 Querformat 70 Seiten Deutsch nicht gelocht gebraucht grunds\u00e4tzlich sehr gut erhalten, allerdings wurden im Inneren Abbildungen auf 2 Seiten rausgeschnitten folglich UNVOLLST\u00c4NDIG 100% original DruckNr. TS 227\/76, 20325 &#8211; 2 &#8211; 76.05 &#8211; HD<\/p>","protected":false},"featured_media":9900,"template":"","meta":[],"product_brand":[],"product_cat":[16,53,46],"product_tag":[251,256,306,249],"class_list":{"0":"post-9956","1":"product","2":"type-product","3":"status-publish","4":"has-post-thumbnail","6":"product_cat-betriebsanleitungen","7":"product_cat-steyr","8":"product_cat-traktoren-betriebsanleitungen","9":"product_tag-betriebsanleitung","10":"product_tag-schlepper","11":"product_tag-steyr","12":"product_tag-traktoren","14":"first","15":"instock","16":"shipping-taxable","17":"purchasable","18":"product-type-simple"},"_links":{"self":[{"href":"https:\/\/www.agraritaeten-shop.com\/en\/wp-json\/wp\/v2\/product\/9956","targetHints":{"allow":["GET"]}}],"collection":[{"href":"https:\/\/www.agraritaeten-shop.com\/en\/wp-json\/wp\/v2\/product"}],"about":[{"href":"https:\/\/www.agraritaeten-shop.com\/en\/wp-json\/wp\/v2\/types\/product"}],"wp:featuredmedia":[{"embeddable":true,"href":"https:\/\/www.agraritaeten-shop.com\/en\/wp-json\/wp\/v2\/media\/9900"}],"wp:attachment":[{"href":"https:\/\/www.agraritaeten-shop.com\/en\/wp-json\/wp\/v2\/media?parent=9956"}],"wp:term":[{"taxonomy":"product_brand","embeddable":true,"href":"https:\/\/www.agraritaeten-shop.com\/en\/wp-json\/wp\/v2\/product_brand?post=9956"},{"taxonomy":"product_cat","embeddable":true,"href":"https:\/\/www.agraritaeten-shop.com\/en\/wp-json\/wp\/v2\/product_cat?post=9956"},{"taxonomy":"product_tag","embeddable":true,"href":"https:\/\/www.agraritaeten-shop.com\/en\/wp-json\/wp\/v2\/product_tag?post=9956"}],"curies":[{"name":"wp","href":"https:\/\/api.w.org\/{rel}","templated":true}]}}